{"id":195,"date":"2018-05-27T18:46:46","date_gmt":"2018-05-27T16:46:46","guid":{"rendered":"https:\/\/lang-petra.de\/?page_id=195"},"modified":"2024-05-04T21:10:41","modified_gmt":"2024-05-04T19:10:41","slug":"impressum","status":"publish","type":"page","link":"https:\/\/lang-petra.de\/?page_id=195","title":{"rendered":"Impressum"},"content":{"rendered":"<p><strong>IMPRESSUM<\/strong><\/p>\n<p>ANSCHRIFT<br \/>\nPsychotherapeutische Praxis<br \/>\nDiplom-Psych. Petra Lang<br \/>\nWeberstr. 88<br \/>\n53113 Bonn<br \/>\nTel.: 0228\/264451<br \/>\n@: lang-petra@t-online.de<\/p>\n<p>ZUST\u00c4NDIGE AUFSICHTSBEH\u00d6RDE<br \/>\nKassen\u00e4rztliche Vereinigung Nordrhein<br \/>\nBezirksstelle K\u00f6ln<br \/>\nSedanstr. 10-16<br \/>\n50668 K\u00f6ln<br \/>\nwww.knvo.de<\/p>\n<p>ZUST\u00c4NDIGE KAMMER<br \/>\nPsychotherapeutenkammer NRW<br \/>\nWillst\u00e4tterstr. 10<br \/>\n40549 D\u00fcsseldorf<br \/>\nWWW.ptk-nrw.de<\/p>\n<p>BERUFSBEZEICHNUNGEN<br \/>\nDiplom-Psychologin (verliehen in der BRD)<br \/>\nPsychologische Psychotherapeutin (verliehen in der BRD, KLVT)<br \/>\nGestalttherapeutin (verliehen in der BRD, IHP)<br \/>\nSupervisorin (verliehen in der BRD, BDP)<br \/>\nPsychologische Verhaltenstherapeutin (verliehen in der BRD)<br \/>\nARZTREGISTER KV NORDRHEIN K\u00d6LN VOM \u00a017.06.1999<br \/>\nKV Nr. 276943500, LAN Nr. 988502768 KV Nordrhein K\u00f6ln<br \/>\nApprobation als Psychologische Psychotherapeutin, Bezirksregierung K\u00f6ln, 12.01.1999<\/p>\n<p>BERUFSRECHTLICHE REGELUNGEN<br \/>\ndas Psychotherapeutengesetz<br \/>\ndas Heilberufsgesetz des Landes NRW<br \/>\ndie Berufsordnung der Psychotherapeutenkammer NRW<br \/>\ndie Psychotherapierichtlinie<br \/>\ndie Psychotherapievereinbarung<br \/>\ndie Beihilferichtlinien<br \/>\nINHALTLICHVERANTWORTLICH<br \/>\ngem\u00e4\u00df $ 55 Abs. 2 RSTV: Petra Lang (Anschrift wie oben)<\/p>\n","protected":false},"excerpt":{"rendered":"<p>IMPRESSUM ANSCHRIFT Psychotherapeutische Praxis Diplom-Psych. Petra Lang Weberstr. 88 53113 Bonn Tel.: 0228\/264451 @: lang-petra@t-online.de ZUST\u00c4NDIGE AUFSICHTSBEH\u00d6RDE Kassen\u00e4rztliche Vereinigung Nordrhein Bezirksstelle K\u00f6ln Sedanstr. 10-16 50668 K\u00f6ln www.knvo.de ZUST\u00c4NDIGE KAMMER Psychotherapeutenkammer NRW Willst\u00e4tterstr. 10 40549 D\u00fcsseldorf WWW.ptk-nrw.de BERUFSBEZEICHNUNGEN Diplom-Psychologin (verliehen in der BRD) Psychologische Psychotherapeutin (verliehen in der BRD, KLVT) Gestalttherapeutin (verliehen in der BRD, IHP) [&hellip;]<\/p>\n","protected":false},"author":1,"featured_media":0,"parent":0,"menu_order":0,"comment_status":"closed","ping_status":"closed","template":"","meta":{"spay_email":""},"_links":{"self":[{"href":"https:\/\/lang-petra.de\/index.php?rest_route=\/wp\/v2\/pages\/195"}],"collection":[{"href":"https:\/\/lang-petra.de\/index.php?rest_route=\/wp\/v2\/pages"}],"about":[{"href":"https:\/\/lang-petra.de\/index.php?rest_route=\/wp\/v2\/types\/page"}],"author":[{"embeddable":true,"href":"https:\/\/lang-petra.de\/index.php?rest_route=\/wp\/v2\/users\/1"}],"replies":[{"embeddable":true,"href":"https:\/\/lang-petra.de\/index.php?rest_route=%2Fwp%2Fv2%2Fcomments&post=195"}],"version-history":[{"count":11,"href":"https:\/\/lang-petra.de\/index.php?rest_route=\/wp\/v2\/pages\/195\/revisions"}],"predecessor-version":[{"id":220,"href":"https:\/\/lang-petra.de\/index.php?rest_route=\/wp\/v2\/pages\/195\/revisions\/220"}],"wp:attachment":[{"href":"https:\/\/lang-petra.de\/index.php?rest_route=%2Fwp%2Fv2%2Fmedia&parent=195"}],"curies":[{"name":"wp","href":"https:\/\/api.w.org\/{rel}","templated":true}]}}