{"id":206,"date":"2018-06-03T16:13:57","date_gmt":"2018-06-03T14:13:57","guid":{"rendered":"https:\/\/lang-petra.de\/?page_id=206"},"modified":"2018-06-03T16:13:57","modified_gmt":"2018-06-03T14:13:57","slug":"datenschutz","status":"publish","type":"page","link":"https:\/\/lang-petra.de\/?page_id=206","title":{"rendered":"Datenschutz"},"content":{"rendered":"<p><strong>PATIENTENINFORMATION ZUM DATENSCHUTZ<\/strong><\/p>\n<p>Liebe Patientinnen und Patienten,<\/p>\n<p>der Schutz Ihrer personenbezogenen Daten ist mir wichtig. Nach der EU-Datenschutz-Grundverordnung (DSGVO) bin ich verpflichtet, Sie dar\u00fcber zu informieren, zu welchem Zweck meine Praxis Daten erhebt, speichert oder weiterleitet. Der Information k\u00f6nnen Sie auch entnehmen, welche Rechte Sie in puncto Datenschutz haben.<\/p>\n<p>1.VERANTWORTLICHKEIT F\u00dcR DIE DATENVERARBEITUNG<\/p>\n<p>Verantwortlich f\u00fcr die Datenverarbeitung ist: Petra Lang, Psychologische Psychotherapeutin<\/p>\n<p>Weberstrasse 88, 53113 Bonn, 0228\/264451, Lang-Petra@t-online.de<\/p>\n<p>2.ZWECK DER DATENVERARBEITUNG<\/p>\n<p>Die Datenverarbeitung erfolgt aufgrund gesetzlicher Vorgaben, um den Behandlungsvertrag zwischen Ihnen und mir und die damit verbundenen Pflichten zu erf\u00fcllen.<\/p>\n<p>Hierzu verarbeite ich Ihre personenbezogenen Daten, insbesondere Ihre Gesundheitsdaten. Dazu z\u00e4hlen Anamnesen, Diagnosen, Therapievorschl\u00e4ge und Befunde, die ich oder andere \u00c4rzte erheben. Zu diesen Zwecken k\u00f6nnen mir auch andere \u00c4rzte oder Psychotherapeuten, bei denen Sie in Behandlung sind, Daten zur Verf\u00fcgung stellen.<\/p>\n<p>Die Erhebung von Gesundheitsdaten ist Voraussetzung f\u00fcr Ihre Behandlung. Werden die notwendigen Informationen nicht bereitgestellt, kann eine sorgf\u00e4ltige Behandlung nicht erfolgen.<\/p>\n<p>3.EMPF\u00c4NGER IHRER DATEN<\/p>\n<p>Ich \u00fcbermittel Ihre personenbezogenen Daten nur dann an Dritte, wenn dies gesetzlich erlaubt ist oder Sie eingewilligt haben. Empf\u00e4nger Ihrer personenbezogenen Daten k\u00f6nnen vor allem \u00c4rzte\/Psychotherapeuten, Kassen\u00e4rztliche Vereinigungen, Krankenkassen, der Medizinische Dienst der Krankenversicherung, \u00c4rztekammern und privat\u00e4rztliche Verrechnungsstellen sein. Die \u00dcbermittlung erfolgt \u00fcberwiegend zum Zwecke der Abrechnung der bei Ihnen erbrachten Leistungen, zur Kl\u00e4rung von medizinischen und sich aus Ihrem Versicherungsverh\u00e4ltnis ergebenden Fragen. Im Einzelfall erfolgt die \u00dcbermittlung von Daten an weitere berechtigte Empf\u00e4nger.<\/p>\n<p>4.SPEICHERUNG IHRER DATEN<\/p>\n<p>Ich bewahre Ihre personenbezogenen Daten nur solange auf, wie dies f\u00fcr die Durchf\u00fchrung der Behandlung erforderlich ist. Aufgrund rechtlicher Vorgaben bin ich dazu verpflichtet, diese Daten mindestens 10 Jahre nach Abschluss der Behandlung aufzubewahren. Nach anderen Vorschriften k\u00f6nnen sich l\u00e4ngere Aufbewahrungsfristen ergeben.<\/p>\n<p>5.IHRE RECHTE<\/p>\n<p>Sie haben das Recht, \u00fcber die sie betreffenden personenbezogenen Daten Auskunft zu erhalten. Auch k\u00f6nnen Sie die Berichtigung unrichtiger Daten verlangen. Dar\u00fcber hinaus steht Ihnen unter bestimmten Voraussetzungen das Recht auf L\u00f6schung von Daten, das Recht auf Einschr\u00e4nkung der Datenverarbeitung sowie das Recht auf Daten\u00fcbertragbarkeit zu. Die Verarbeitung Ihrer Daten erfolgt auf Basis von gesetzlichen Regelungen. Nur in Ausnahmef\u00e4llen ben\u00f6tigen wir ihr Einverst\u00e4ndnis. In diesen F\u00e4llen haben Sie das Recht, die Einwilligung f\u00fcr die zuk\u00fcnftige Verarbeitung zu widerrufen. Sie haben ferner das Recht, sich bei der zust\u00e4ndigen Aufsichtsbeh\u00f6rde f\u00fcr den Datenschutz zu beschweren.<\/p>\n<p>6.RECHTLICHE GRUNDLAGEN<\/p>\n<p>Rechtsgrundlage f\u00fcr die Verarbeitung Ihrer Daten ist Artikel 9 Absatz 2 lit. h) DSGVO in Verbindung mit Paragraph 22 Absatz 1 Nr. 1 lit. b) Bundesdatenschutzgesetz.<\/p>\n<p>Sollten Sie Fragen haben, k\u00f6nnen Sie sich gerne an mich wenden.<\/p>\n<p><em>Petra Lang<\/em><\/p>\n<p><em>Psychologische Psychotherapeutin<\/em><\/p>\n","protected":false},"excerpt":{"rendered":"<p>PATIENTENINFORMATION ZUM DATENSCHUTZ Liebe Patientinnen und Patienten, der Schutz Ihrer personenbezogenen Daten ist mir wichtig. Nach der EU-Datenschutz-Grundverordnung (DSGVO) bin ich verpflichtet, Sie dar\u00fcber zu informieren, zu welchem Zweck meine Praxis Daten erhebt, speichert oder weiterleitet. Der Information k\u00f6nnen Sie auch entnehmen, welche Rechte Sie in puncto Datenschutz haben. 1.VERANTWORTLICHKEIT F\u00dcR DIE DATENVERARBEITUNG Verantwortlich f\u00fcr [&hellip;]<\/p>\n","protected":false},"author":1,"featured_media":0,"parent":0,"menu_order":0,"comment_status":"closed","ping_status":"closed","template":"","meta":{"spay_email":""},"_links":{"self":[{"href":"https:\/\/lang-petra.de\/index.php?rest_route=\/wp\/v2\/pages\/206"}],"collection":[{"href":"https:\/\/lang-petra.de\/index.php?rest_route=\/wp\/v2\/pages"}],"about":[{"href":"https:\/\/lang-petra.de\/index.php?rest_route=\/wp\/v2\/types\/page"}],"author":[{"embeddable":true,"href":"https:\/\/lang-petra.de\/index.php?rest_route=\/wp\/v2\/users\/1"}],"replies":[{"embeddable":true,"href":"https:\/\/lang-petra.de\/index.php?rest_route=%2Fwp%2Fv2%2Fcomments&post=206"}],"version-history":[{"count":1,"href":"https:\/\/lang-petra.de\/index.php?rest_route=\/wp\/v2\/pages\/206\/revisions"}],"predecessor-version":[{"id":207,"href":"https:\/\/lang-petra.de\/index.php?rest_route=\/wp\/v2\/pages\/206\/revisions\/207"}],"wp:attachment":[{"href":"https:\/\/lang-petra.de\/index.php?rest_route=%2Fwp%2Fv2%2Fmedia&parent=206"}],"curies":[{"name":"wp","href":"https:\/\/api.w.org\/{rel}","templated":true}]}}