{"id":57,"date":"2017-06-05T10:32:33","date_gmt":"2017-06-05T08:32:33","guid":{"rendered":"https:\/\/langpetra.wordpress.com\/?page_id=57"},"modified":"2024-05-04T21:18:32","modified_gmt":"2024-05-04T19:18:32","slug":"ueber-mich","status":"publish","type":"page","link":"https:\/\/lang-petra.de\/?page_id=57","title":{"rendered":"\u00dcber mich"},"content":{"rendered":"<h3 style=\"text-align: left;\"><span style=\"color: #000000; font-family: times new roman, times, serif;\"><strong>Ausbildung<\/strong><\/span><\/h3>\n<p style=\"text-align: left;\"><span style=\"font-family: 'times new roman', times, serif;\">&#8211; Diplom in Psychologie an der <a href=\"https:\/\/www.uni-bonn.de\/\">Universit\u00e4t Bonn<\/a> (1990)<br \/>\n<\/span><span style=\"font-family: 'times new roman', times, serif;\">&#8211; Gestalttherapieausbildung an dem <a href=\"http:\/\/www.ihp.de\/\">Institut f\u00fcr Humanistische Psychologie Eschweiler <\/a>(IHP)<br \/>\n<\/span><span style=\"font-family: 'times new roman', times, serif;\">&#8211; Verhaltenstherapieausbildung an dem <a href=\"http:\/\/www.klvt.de\/\">K\u00f6lner Lehrinstitut f\u00fcr Verhaltenstherapie<\/a> (KLVT)<br \/>\n<\/span><span style=\"font-family: 'times new roman', times, serif;\">&#8211; Sexualtherapieausbildung am <a href=\"http:\/\/www.klvt.de\/\">KLVT<\/a> sowie bei <a href=\"http:\/\/www.ulclement.de\/\">Ulrich Clement<\/a><br \/>\n<\/span><span style=\"font-family: 'times new roman', times, serif;\">&#8211; Anerkennung als Supervisorin von der <a href=\"http:\/\/www.psychologenakademie.de\/\">Deutschen Psychologen Akademie<\/a><br \/>\n<\/span><span style=\"font-family: 'times new roman', times, serif;\">&#8211; Tanztherapieausbildung am <a href=\"http:\/\/www.tanztherapie.de\/\">DITAT <\/a>(Deutsches Institut f\u00fcr tiefenpsychologische Tanz- und Ausdruckstherapie)<br \/>\n<\/span><span style=\"font-family: 'times new roman', times, serif;\">&#8211; Approbation als Psychologische Psychotherapeutin (1999)<br \/>\n<\/span><span style=\"font-family: 'times new roman', times, serif;\">&#8211; Erhalt der Kassenzulassung zur Teilnahme an der vertrags\u00e4rztlichen Versorgung von der \u00a0<a href=\"https:\/\/www.kvno.de\/\">Kassen\u00e4rztlichen Vereinigung Nordrhein<\/a> (1999)<br \/>\n<\/span><span style=\"font-family: 'times new roman', times, serif;\">&#8211; J\u00e4hrliche Fortbildung bei den <a href=\"https:\/\/www.lptw.de\/\">Lindauer Psychotherapiewochen<\/a><br \/>\n<\/span><span style=\"font-family: 'times new roman', times, serif;\">&#8211; Fortbildung in Yoga-Psychotherapie (YOPT) &#8211; <a href=\"https:\/\/miriampopper.com\/\">Miriam Popper Z\u00fcrich<\/a><\/span><br \/>\n<\/span><span style=\"font-family: 'times new roman', times, serif;\">&#8211; Fortbildung in traumatherapeutischem Yoga &#8211; <a href=\"https:\/\/tty-akademie.de\/\">Trauma Therapeutische Yoga Akademie K\u00f6ln<\/a><\/span><\/p>\n<h3 style=\"text-align: left;\"><span style=\"font-family: 'times new roman', times, serif;\"><strong>Berufst\u00e4tigkeit<\/strong><\/span><\/h3>\n<p style=\"text-align: left;\"><span style=\"font-family: 'times new roman', times, serif;\">&#8211; Wissenschaftliche Mitarbeiterin am Lehrstuhl f\u00fcr Klinische und Angewandte Psychologie\u00a0<\/span><span style=\"font-family: 'times new roman', times, serif;\">der <a href=\"https:\/\/www.uni-bonn.de\/\">Universit\u00e4t Bonn<\/a> sowie in der Psychiatrie der <a href=\"https:\/\/www.ukb.uni-bonn.de\/42256BC8002AF3E7\/vwWebPagesByID\/2DFDCEE447C6FD28C125736F003B4407\">Universit\u00e4ts-Nervenklinik Bonn<\/a><br \/>\n<\/span><span style=\"font-family: 'times new roman', times, serif;\">&#8211; Mitarbeit in der <a href=\"http:\/\/aids-hilfe-bonn.de\/\">Aids-Hilfe Bonn<\/a><br \/>\n<\/span><span style=\"font-family: 'times new roman', times, serif;\">&#8211; mehrj\u00e4hrige Durchf\u00fchrung von Kursen im Autogenen Training f\u00fcr Krankenkassen<br \/>\n<\/span><span style=\"font-family: 'times new roman', times, serif;\">&#8211; Kommunikationstrainings f\u00fcr Telekom<br \/>\n<\/span><span style=\"font-family: 'times new roman', times, serif;\">&#8211; seit 1992 niedergelassen in eigener Praxis<br \/>\n<\/span><span style=\"font-family: 'times new roman', times, serif;\">&#8211; T\u00e4tigkeit als Ausbilderin in Gestalttherapie am GIB (<a href=\"http:\/\/www.gestalttherapie-bonn.de\/institut\/das-team\">Gestaltinstitut Bonn-Rhein- Sieg<\/a>)<br \/>\n<\/span><span style=\"font-family: 'times new roman', times, serif;\">&#8211; Supervision f\u00fcr die ESA-EAC (<a href=\"http:\/\/www.esa.int\/Our_Activities\/Human_Spaceflight\/Astronauts\/The_European_Astronaut_Centre\">European Astronaut Center K\u00f6ln<\/a>) sowie f\u00fcr Leitungen\u00a0<\/span><span style=\"font-family: 'times new roman', times, serif;\">sozialtherapeutischer Einrichtungen im Suchtbereich<\/span><\/p>\n","protected":false},"excerpt":{"rendered":"<p>Ausbildung &#8211; Diplom in Psychologie an der Universit\u00e4t Bonn (1990) &#8211; Gestalttherapieausbildung an dem Institut f\u00fcr Humanistische Psychologie Eschweiler (IHP) &#8211; Verhaltenstherapieausbildung an dem K\u00f6lner Lehrinstitut f\u00fcr Verhaltenstherapie (KLVT) &#8211; Sexualtherapieausbildung am KLVT sowie bei Ulrich Clement &#8211; Anerkennung als Supervisorin von der Deutschen Psychologen Akademie &#8211; Tanztherapieausbildung am DITAT (Deutsches Institut f\u00fcr tiefenpsychologische Tanz- [&hellip;]<\/p>\n","protected":false},"author":1,"featured_media":0,"parent":0,"menu_order":0,"comment_status":"closed","ping_status":"closed","template":"","meta":{"spay_email":""},"_links":{"self":[{"href":"https:\/\/lang-petra.de\/index.php?rest_route=\/wp\/v2\/pages\/57"}],"collection":[{"href":"https:\/\/lang-petra.de\/index.php?rest_route=\/wp\/v2\/pages"}],"about":[{"href":"https:\/\/lang-petra.de\/index.php?rest_route=\/wp\/v2\/types\/page"}],"author":[{"embeddable":true,"href":"https:\/\/lang-petra.de\/index.php?rest_route=\/wp\/v2\/users\/1"}],"replies":[{"embeddable":true,"href":"https:\/\/lang-petra.de\/index.php?rest_route=%2Fwp%2Fv2%2Fcomments&post=57"}],"version-history":[{"count":26,"href":"https:\/\/lang-petra.de\/index.php?rest_route=\/wp\/v2\/pages\/57\/revisions"}],"predecessor-version":[{"id":226,"href":"https:\/\/lang-petra.de\/index.php?rest_route=\/wp\/v2\/pages\/57\/revisions\/226"}],"wp:attachment":[{"href":"https:\/\/lang-petra.de\/index.php?rest_route=%2Fwp%2Fv2%2Fmedia&parent=57"}],"curies":[{"name":"wp","href":"https:\/\/api.w.org\/{rel}","templated":true}]}}