{"id":62,"date":"2017-06-05T10:37:17","date_gmt":"2017-06-05T08:37:17","guid":{"rendered":"https:\/\/langpetra.wordpress.com\/?page_id=62"},"modified":"2017-06-06T14:12:31","modified_gmt":"2017-06-06T12:12:31","slug":"praxis","status":"publish","type":"page","link":"https:\/\/lang-petra.de\/?page_id=62","title":{"rendered":"Praxis"},"content":{"rendered":"<h3><strong><span style=\"font-family: 'times new roman', times, serif;\">Adresse<\/span><\/strong><\/h3>\n<p><span style=\"font-family: 'times new roman', times, serif;\">Weberstrasse 88, 53113 Bonn-S\u00fcdstadt<\/span><\/p>\n<h3><strong><span style=\"font-family: 'times new roman', times, serif;\">Anfahrt<\/span><\/strong><\/h3>\n<p><span style=\"font-family: 'times new roman', times, serif;\">&#8211; Parkm\u00f6glichkeit direkt vor der Praxis<\/span><\/p>\n<p><span style=\"font-family: 'times new roman', times, serif;\">&#8211; Stra\u00dfenbahnhaltestelle Weberstrasse (Linie 62, 61)<\/span><\/p>\n<p><span style=\"font-family: 'times new roman', times, serif;\">&#8211; vom Hauptbahnhof 10 Minuten zu Fu\u00df<\/span><\/p>\n","protected":false},"excerpt":{"rendered":"<p>Adresse Weberstrasse 88, 53113 Bonn-S\u00fcdstadt Anfahrt &#8211; Parkm\u00f6glichkeit direkt vor der Praxis &#8211; Stra\u00dfenbahnhaltestelle Weberstrasse (Linie 62, 61) &#8211; vom Hauptbahnhof 10 Minuten zu Fu\u00df<\/p>\n","protected":false},"author":1,"featured_media":0,"parent":0,"menu_order":0,"comment_status":"closed","ping_status":"closed","template":"","meta":{"spay_email":""},"_links":{"self":[{"href":"https:\/\/lang-petra.de\/index.php?rest_route=\/wp\/v2\/pages\/62"}],"collection":[{"href":"https:\/\/lang-petra.de\/index.php?rest_route=\/wp\/v2\/pages"}],"about":[{"href":"https:\/\/lang-petra.de\/index.php?rest_route=\/wp\/v2\/types\/page"}],"author":[{"embeddable":true,"href":"https:\/\/lang-petra.de\/index.php?rest_route=\/wp\/v2\/users\/1"}],"replies":[{"embeddable":true,"href":"https:\/\/lang-petra.de\/index.php?rest_route=%2Fwp%2Fv2%2Fcomments&post=62"}],"version-history":[{"count":4,"href":"https:\/\/lang-petra.de\/index.php?rest_route=\/wp\/v2\/pages\/62\/revisions"}],"predecessor-version":[{"id":143,"href":"https:\/\/lang-petra.de\/index.php?rest_route=\/wp\/v2\/pages\/62\/revisions\/143"}],"wp:attachment":[{"href":"https:\/\/lang-petra.de\/index.php?rest_route=%2Fwp%2Fv2%2Fmedia&parent=62"}],"curies":[{"name":"wp","href":"https:\/\/api.w.org\/{rel}","templated":true}]}}