{"id":88,"date":"2017-06-05T10:58:05","date_gmt":"2017-06-05T08:58:05","guid":{"rendered":"https:\/\/langpetra.wordpress.com\/?page_id=88"},"modified":"2017-06-06T20:33:33","modified_gmt":"2017-06-06T18:33:33","slug":"petra-lang","status":"publish","type":"page","link":"https:\/\/lang-petra.de\/","title":{"rendered":"Petra Lang"},"content":{"rendered":"<h3 style=\"text-align: center;\"><span style=\"font-family: 'times new roman', times, serif;\">Psychologische Psychotherapeutin<\/span><\/h3>\n<p style=\"text-align: center;\"><span style=\"font-family: 'times new roman', times, serif;\">Herzlich Willkommen in der Internetpr\u00e4senz meiner psychotherapeutischen Praxis.<\/span><\/p>\n<p style=\"text-align: center;\"><span style=\"font-family: 'times new roman', times, serif;\">Hier k\u00f6nnen Sie sich \u00fcber meine therapeutische Arbeit und die jeweiligen Behandlungsangebote informieren.<\/span><\/p>\n","protected":false},"excerpt":{"rendered":"<p>Psychologische Psychotherapeutin Herzlich Willkommen in der Internetpr\u00e4senz meiner psychotherapeutischen Praxis. Hier k\u00f6nnen Sie sich \u00fcber meine therapeutische Arbeit und die jeweiligen Behandlungsangebote informieren.<\/p>\n","protected":false},"author":1,"featured_media":0,"parent":0,"menu_order":0,"comment_status":"closed","ping_status":"closed","template":"","meta":{"spay_email":""},"_links":{"self":[{"href":"https:\/\/lang-petra.de\/index.php?rest_route=\/wp\/v2\/pages\/88"}],"collection":[{"href":"https:\/\/lang-petra.de\/index.php?rest_route=\/wp\/v2\/pages"}],"about":[{"href":"https:\/\/lang-petra.de\/index.php?rest_route=\/wp\/v2\/types\/page"}],"author":[{"embeddable":true,"href":"https:\/\/lang-petra.de\/index.php?rest_route=\/wp\/v2\/users\/1"}],"replies":[{"embeddable":true,"href":"https:\/\/lang-petra.de\/index.php?rest_route=%2Fwp%2Fv2%2Fcomments&post=88"}],"version-history":[{"count":2,"href":"https:\/\/lang-petra.de\/index.php?rest_route=\/wp\/v2\/pages\/88\/revisions"}],"predecessor-version":[{"id":150,"href":"https:\/\/lang-petra.de\/index.php?rest_route=\/wp\/v2\/pages\/88\/revisions\/150"}],"wp:attachment":[{"href":"https:\/\/lang-petra.de\/index.php?rest_route=%2Fwp%2Fv2%2Fmedia&parent=88"}],"curies":[{"name":"wp","href":"https:\/\/api.w.org\/{rel}","templated":true}]}}